{"id":14760,"date":"2025-05-26T10:20:10","date_gmt":"2025-05-26T10:20:10","guid":{"rendered":"http:\/\/sheriff-security.ch\/blog\/"},"modified":"2025-08-15T07:43:45","modified_gmt":"2025-08-15T07:43:45","slug":"blog","status":"publish","type":"page","link":"https:\/\/sheriff-security.ch\/en\/blog\/","title":{"rendered":"Blog"},"content":{"rendered":"\t\t<div data-elementor-type=\"wp-page\" data-elementor-id=\"14760\" class=\"elementor elementor-14760 elementor-2551\" data-elementor-settings=\"{&quot;element_pack_global_tooltip_width&quot;:{&quot;unit&quot;:&quot;px&quot;,&quot;size&quot;:&quot;&quot;,&quot;sizes&quot;:[]},&quot;element_pack_global_tooltip_width_tablet&quot;:{&quot;unit&quot;:&quot;px&quot;,&quot;size&quot;:&quot;&quot;,&quot;sizes&quot;:[]},&quot;element_pack_global_tooltip_width_mobile&quot;:{&quot;unit&quot;:&quot;px&quot;,&quot;size&quot;:&quot;&quot;,&quot;sizes&quot;:[]},&quot;element_pack_global_tooltip_padding&quot;:{&quot;unit&quot;:&quot;px&quot;,&quot;top&quot;:&quot;&quot;,&quot;right&quot;:&quot;&quot;,&quot;bottom&quot;:&quot;&quot;,&quot;left&quot;:&quot;&quot;,&quot;isLinked&quot;:true},&quot;element_pack_global_tooltip_padding_tablet&quot;:{&quot;unit&quot;:&quot;px&quot;,&quot;top&quot;:&quot;&quot;,&quot;right&quot;:&quot;&quot;,&quot;bottom&quot;:&quot;&quot;,&quot;left&quot;:&quot;&quot;,&quot;isLinked&quot;:true},&quot;element_pack_global_tooltip_padding_mobile&quot;:{&quot;unit&quot;:&quot;px&quot;,&quot;top&quot;:&quot;&quot;,&quot;right&quot;:&quot;&quot;,&quot;bottom&quot;:&quot;&quot;,&quot;left&quot;:&quot;&quot;,&quot;isLinked&quot;:true},&quot;element_pack_global_tooltip_border_radius&quot;:{&quot;unit&quot;:&quot;px&quot;,&quot;top&quot;:&quot;&quot;,&quot;right&quot;:&quot;&quot;,&quot;bottom&quot;:&quot;&quot;,&quot;left&quot;:&quot;&quot;,&quot;isLinked&quot;:true},&quot;element_pack_global_tooltip_border_radius_tablet&quot;:{&quot;unit&quot;:&quot;px&quot;,&quot;top&quot;:&quot;&quot;,&quot;right&quot;:&quot;&quot;,&quot;bottom&quot;:&quot;&quot;,&quot;left&quot;:&quot;&quot;,&quot;isLinked&quot;:true},&quot;element_pack_global_tooltip_border_radius_mobile&quot;:{&quot;unit&quot;:&quot;px&quot;,&quot;top&quot;:&quot;&quot;,&quot;right&quot;:&quot;&quot;,&quot;bottom&quot;:&quot;&quot;,&quot;left&quot;:&quot;&quot;,&quot;isLinked&quot;:true}}\" data-elementor-post-type=\"page\">\n\t\t\t\t\t\t<div class=\"elementor-section elementor-top-section elementor-element elementor-element-4636bc6c elementor-section-boxed elementor-section-height-default elementor-section-height-default\" data-id=\"4636bc6c\" data-element_type=\"section\" data-settings=\"{&quot;background_background&quot;:&quot;gradient&quot;}\">\n\t\t\t\t\t\t<div class=\"elementor-container elementor-column-gap-no\">\n\t\t\t\t\t<div class=\"elementor-column elementor-col-100 elementor-top-column elementor-element elementor-element-e51d64b\" data-id=\"e51d64b\" data-element_type=\"column\">\n\t\t\t<div class=\"elementor-widget-wrap elementor-element-populated\">\n\t\t\t\t\t\t<div class=\"elementor-element elementor-element-5c71ed44 no ui-e-apg-classic ui-e-img-anim-zoom elementor-widget elementor-widget-uicore-advanced-post-grid\" data-id=\"5c71ed44\" data-element_type=\"widget\" data-settings=\"{&quot;masonry&quot;:&quot;no&quot;,&quot;pagination_type&quot;:&quot;numbers&quot;}\" data-widget_type=\"uicore-advanced-post-grid.default\">\n\t\t\t\t\t            <div class=\"ui-e-adv-grid \">\n                \n                <div class=\"ui-e-post-item ui-e-item ui-e-animations-wrp  \">\n                    <article class=\"post-14942 post type-post status-publish format-standard has-post-thumbnail hentry category-wissensartikel\">\n                        <div class=\"ui-e-post-top\">\n                                    <a class=\"ui-e-post-img-wrapp\"\n            href=\"https:\/\/sheriff-security.ch\/en\/video-surveillance-and-data-protection-in-switzerland-what-companies-need-to-know\/\"\n            title=\"View Post:Video Surveillance and Data Protection in Switzerland: What Companies Need to Know\">\n\n                            <div class=\"ui-e-post-img\" style=\"background-image:url(https:\/\/sheriff-security.ch\/wp-content\/uploads\/2025\/08\/Datenschutz-bei-Videouberwachung.webp)\"><\/div>\n                    <\/a>\n                                                        <\/div>\n\n                        \n                        <div class=\"ui-e-post-content\">\n\n                            <div class=\"ui-e-post-meta ui-e-before_title\"><\/div>                                    <a href=\"https:\/\/sheriff-security.ch\/en\/video-surveillance-and-data-protection-in-switzerland-what-companies-need-to-know\/\" title=\"View Post:Video Surveillance and Data Protection in Switzerland: What Companies Need to Know\">\n            <h4 class=\"ui-e-post-title\">\n                <span> Video Surveillance and Data Protection in Switzerland: What Companies Need to Know <\/span>\n            <\/h4>\n        <\/a>\n                                                            <div class=\"ui-e-post-text\">Video surveillance is becoming crucial for businesses: whether to protect employees, prevent criminal activity, or secure assets. However, it often creates tension [&hellip;]<\/div>                                                                <a href=\"https:\/\/sheriff-security.ch\/en\/video-surveillance-and-data-protection-in-switzerland-what-companies-need-to-know\/\" class=\"elementor-button-link elementor-button ui-e-readmore\" role=\"button\">\n            <span class=\"elementor-button-content-wrapper elementor-button-content\"><span class=\"elementor-button-icon elementor-align-icon-right\"><i aria-hidden=\"true\" class=\"ti ti-arrow-top-right\"><\/i><\/span><span class=\"elementor-button-text\">Learn more<\/span> <\/span>        <\/a>\n                                <\/div>\n                    <\/article>\n                <\/div>\n\n                \n                <div class=\"ui-e-post-item ui-e-item ui-e-animations-wrp  \">\n                    <article class=\"post-14837 post type-post status-publish format-standard has-post-thumbnail hentry category-knowledge-articles\">\n                        <div class=\"ui-e-post-top\">\n                                    <a class=\"ui-e-post-img-wrapp\"\n            href=\"https:\/\/sheriff-security.ch\/en\/workplace-video-surveillance-in-switzerland-whats-allowed-and-whats-not\/\"\n            title=\"View Post:Workplace Video Surveillance in Switzerland: What\u2019s Allowed and What\u2019s Not\">\n\n                            <div class=\"ui-e-post-img\" style=\"background-image:url(https:\/\/sheriff-security.ch\/wp-content\/uploads\/2025\/07\/Workplace-Video-Surveillance-in-Switzerland_1-1024x576.jpg)\"><\/div>\n                    <\/a>\n                                                        <\/div>\n\n                        \n                        <div class=\"ui-e-post-content\">\n\n                            <div class=\"ui-e-post-meta ui-e-before_title\"><\/div>                                    <a href=\"https:\/\/sheriff-security.ch\/en\/workplace-video-surveillance-in-switzerland-whats-allowed-and-whats-not\/\" title=\"View Post:Workplace Video Surveillance in Switzerland: What\u2019s Allowed and What\u2019s Not\">\n            <h4 class=\"ui-e-post-title\">\n                <span> Workplace Video Surveillance in Switzerland: What\u2019s Allowed and What\u2019s Not <\/span>\n            <\/h4>\n        <\/a>\n                                                            <div class=\"ui-e-post-text\">Whether in retail, logistics, or office settings, modern workplaces in Switzerland are often under video surveillance. But what is actually permitted under [&hellip;]<\/div>                                                                <a href=\"https:\/\/sheriff-security.ch\/en\/workplace-video-surveillance-in-switzerland-whats-allowed-and-whats-not\/\" class=\"elementor-button-link elementor-button ui-e-readmore\" role=\"button\">\n            <span class=\"elementor-button-content-wrapper elementor-button-content\"><span class=\"elementor-button-icon elementor-align-icon-right\"><i aria-hidden=\"true\" class=\"ti ti-arrow-top-right\"><\/i><\/span><span class=\"elementor-button-text\">Learn more<\/span> <\/span>        <\/a>\n                                <\/div>\n                    <\/article>\n                <\/div>\n\n                \n                <div class=\"ui-e-post-item ui-e-item ui-e-animations-wrp  \">\n                    <article class=\"post-14879 post type-post status-publish format-standard has-post-thumbnail hentry category-wissensartikel\">\n                        <div class=\"ui-e-post-top\">\n                                    <a class=\"ui-e-post-img-wrapp\"\n            href=\"https:\/\/sheriff-security.ch\/en\/osint-in-legal-practice-lawful-research-and-strategic-case-preparation\/\"\n            title=\"View Post:OSINT in Legal Practice: Lawful Research and Strategic Case Preparation\">\n\n                            <div class=\"ui-e-post-img\" style=\"background-image:url(https:\/\/sheriff-security.ch\/wp-content\/uploads\/2025\/06\/global-communication-1024x576.jpg)\"><\/div>\n                    <\/a>\n                                                        <\/div>\n\n                        \n                        <div class=\"ui-e-post-content\">\n\n                            <div class=\"ui-e-post-meta ui-e-before_title\"><\/div>                                    <a href=\"https:\/\/sheriff-security.ch\/en\/osint-in-legal-practice-lawful-research-and-strategic-case-preparation\/\" title=\"View Post:OSINT in Legal Practice: Lawful Research and Strategic Case Preparation\">\n            <h4 class=\"ui-e-post-title\">\n                <span> OSINT in Legal Practice: Lawful Research and Strategic Case Preparation <\/span>\n            <\/h4>\n        <\/a>\n                                                            <div class=\"ui-e-post-text\">Information is key to making wise decisions, especially in the legal field. As a Swiss security company, Sheriff Security offers professional OSINT [&hellip;]<\/div>                                                                <a href=\"https:\/\/sheriff-security.ch\/en\/osint-in-legal-practice-lawful-research-and-strategic-case-preparation\/\" class=\"elementor-button-link elementor-button ui-e-readmore\" role=\"button\">\n            <span class=\"elementor-button-content-wrapper elementor-button-content\"><span class=\"elementor-button-icon elementor-align-icon-right\"><i aria-hidden=\"true\" class=\"ti ti-arrow-top-right\"><\/i><\/span><span class=\"elementor-button-text\">Learn more<\/span> <\/span>        <\/a>\n                                <\/div>\n                    <\/article>\n                <\/div>\n\n                \n                <div class=\"ui-e-post-item ui-e-item ui-e-animations-wrp  \">\n                    <article class=\"post-14775 post type-post status-publish format-standard has-post-thumbnail hentry category-knowledge-articles\">\n                        <div class=\"ui-e-post-top\">\n                                    <a class=\"ui-e-post-img-wrapp\"\n            href=\"https:\/\/sheriff-security.ch\/en\/video-surveillance-in-switzerland-legal-foundations-and-current-laws\/\"\n            title=\"View Post:Video Surveillance in Switzerland: Legal Foundations and Current Laws\">\n\n                            <div class=\"ui-e-post-img\" style=\"background-image:url(https:\/\/sheriff-security.ch\/wp-content\/uploads\/2025\/05\/555444888-1024x427.jpg)\"><\/div>\n                    <\/a>\n                                                        <\/div>\n\n                        \n                        <div class=\"ui-e-post-content\">\n\n                            <div class=\"ui-e-post-meta ui-e-before_title\"><\/div>                                    <a href=\"https:\/\/sheriff-security.ch\/en\/video-surveillance-in-switzerland-legal-foundations-and-current-laws\/\" title=\"View Post:Video Surveillance in Switzerland: Legal Foundations and Current Laws\">\n            <h4 class=\"ui-e-post-title\">\n                <span> Video Surveillance in Switzerland: Legal Foundations and Current Laws <\/span>\n            <\/h4>\n        <\/a>\n                                                            <div class=\"ui-e-post-text\">The installation of video surveillance systems in Switzerland is subject to strict legal regulations. In this article, we\u2019ll overview the relevant laws [&hellip;]<\/div>                                                                <a href=\"https:\/\/sheriff-security.ch\/en\/video-surveillance-in-switzerland-legal-foundations-and-current-laws\/\" class=\"elementor-button-link elementor-button ui-e-readmore\" role=\"button\">\n            <span class=\"elementor-button-content-wrapper elementor-button-content\"><span class=\"elementor-button-icon elementor-align-icon-right\"><i aria-hidden=\"true\" class=\"ti ti-arrow-top-right\"><\/i><\/span><span class=\"elementor-button-text\">Learn more<\/span> <\/span>        <\/a>\n                                <\/div>\n                    <\/article>\n                <\/div>\n\n                            <\/div>\n\t\t\t\t<\/div>\n\t\t\t\t\t<\/div>\n\t\t<\/div>\n\t\t\t\t\t<\/div>\n\t\t<\/div>\n\t\t\t\t<\/div>\n\t\t","protected":false},"excerpt":{"rendered":"<p>Video\u00fcberwachung in der Schweiz: Datenschutz einfach erkl\u00e4rt. Was Unternehmen wirklich wissen m\u00fcssen Die Video\u00fcberwachung wird f\u00fcr Unternehmen immer wichtiger, etwa zum Schutz [&hellip;]<\/p>\n","protected":false},"author":1,"featured_media":9782,"parent":0,"menu_order":0,"comment_status":"closed","ping_status":"closed","template":"","meta":{"_acf_changed":false,"footnotes":""},"class_list":["post-14760","page","type-page","status-publish","has-post-thumbnail","hentry"],"acf":[],"yoast_head":"<!-- This site is optimized with the Yoast SEO Premium plugin v25.0 (Yoast SEO v26.1.1) - https:\/\/yoast.com\/wordpress\/plugins\/seo\/ -->\n<title>Blog - Sheriff<\/title>\n<meta name=\"robots\" content=\"index, follow, max-snippet:-1, max-image-preview:large, max-video-preview:-1\" \/>\n<link rel=\"canonical\" href=\"https:\/\/sheriff-security.ch\/en\/blog\/\" \/>\n<meta property=\"og:locale\" content=\"en_US\" \/>\n<meta property=\"og:type\" content=\"article\" \/>\n<meta property=\"og:title\" content=\"Blog\" \/>\n<meta property=\"og:description\" content=\"Video\u00fcberwachung in der Schweiz: Datenschutz einfach erkl\u00e4rt. Was Unternehmen wirklich wissen m\u00fcssen Die Video\u00fcberwachung wird f\u00fcr Unternehmen immer wichtiger, etwa zum Schutz [&hellip;]\" \/>\n<meta property=\"og:url\" content=\"https:\/\/sheriff-security.ch\/en\/blog\/\" \/>\n<meta property=\"og:site_name\" content=\"Sheriff\" \/>\n<meta property=\"article:modified_time\" content=\"2025-08-15T07:43:45+00:00\" \/>\n<meta property=\"og:image\" content=\"https:\/\/sheriff-security.ch\/wp-content\/uploads\/2025\/05\/\u0437\u0430\u0432\u0430\u043d\u0442\u0430\u0436\u0435\u043d\u043d\u044f-2-1.png\" \/>\n\t<meta property=\"og:image:width\" content=\"1556\" \/>\n\t<meta property=\"og:image:height\" content=\"436\" \/>\n\t<meta property=\"og:image:type\" content=\"image\/png\" \/>\n<meta name=\"twitter:card\" content=\"summary_large_image\" \/>\n<meta name=\"twitter:label1\" content=\"Est. reading time\" \/>\n\t<meta name=\"twitter:data1\" content=\"1 minute\" \/>\n<script type=\"application\/ld+json\" class=\"yoast-schema-graph\">{\"@context\":\"https:\/\/schema.org\",\"@graph\":[{\"@type\":\"WebPage\",\"@id\":\"https:\/\/sheriff-security.ch\/en\/blog\/\",\"url\":\"https:\/\/sheriff-security.ch\/en\/blog\/\",\"name\":\"Blog - Sheriff\",\"isPartOf\":{\"@id\":\"https:\/\/sheriff-security.ch\/en\/#website\"},\"primaryImageOfPage\":{\"@id\":\"https:\/\/sheriff-security.ch\/en\/blog\/#primaryimage\"},\"image\":{\"@id\":\"https:\/\/sheriff-security.ch\/en\/blog\/#primaryimage\"},\"thumbnailUrl\":\"https:\/\/sheriff-security.ch\/wp-content\/uploads\/2025\/05\/\u0437\u0430\u0432\u0430\u043d\u0442\u0430\u0436\u0435\u043d\u043d\u044f-2-1.png\",\"datePublished\":\"2025-05-26T10:20:10+00:00\",\"dateModified\":\"2025-08-15T07:43:45+00:00\",\"breadcrumb\":{\"@id\":\"https:\/\/sheriff-security.ch\/en\/blog\/#breadcrumb\"},\"inLanguage\":\"en-US\",\"potentialAction\":[{\"@type\":\"ReadAction\",\"target\":[\"https:\/\/sheriff-security.ch\/en\/blog\/\"]}]},{\"@type\":\"ImageObject\",\"inLanguage\":\"en-US\",\"@id\":\"https:\/\/sheriff-security.ch\/en\/blog\/#primaryimage\",\"url\":\"https:\/\/sheriff-security.ch\/wp-content\/uploads\/2025\/05\/\u0437\u0430\u0432\u0430\u043d\u0442\u0430\u0436\u0435\u043d\u043d\u044f-2-1.png\",\"contentUrl\":\"https:\/\/sheriff-security.ch\/wp-content\/uploads\/2025\/05\/\u0437\u0430\u0432\u0430\u043d\u0442\u0430\u0436\u0435\u043d\u043d\u044f-2-1.png\",\"width\":1556,\"height\":436},{\"@type\":\"BreadcrumbList\",\"@id\":\"https:\/\/sheriff-security.ch\/en\/blog\/#breadcrumb\",\"itemListElement\":[{\"@type\":\"ListItem\",\"position\":1,\"name\":\"\u0413\u043e\u043b\u043e\u0432\u043d\u0430\",\"item\":\"https:\/\/sheriff-security.ch\/en\/\"},{\"@type\":\"ListItem\",\"position\":2,\"name\":\"Blog\"}]},{\"@type\":\"WebSite\",\"@id\":\"https:\/\/sheriff-security.ch\/en\/#website\",\"url\":\"https:\/\/sheriff-security.ch\/en\/\",\"name\":\"Sheriff\",\"description\":\"Sheriff\",\"potentialAction\":[{\"@type\":\"SearchAction\",\"target\":{\"@type\":\"EntryPoint\",\"urlTemplate\":\"https:\/\/sheriff-security.ch\/en\/?s={search_term_string}\"},\"query-input\":{\"@type\":\"PropertyValueSpecification\",\"valueRequired\":true,\"valueName\":\"search_term_string\"}}],\"inLanguage\":\"en-US\"}]}<\/script>\n<!-- \/ Yoast SEO Premium plugin. -->","yoast_head_json":{"title":"Blog - Sheriff","robots":{"index":"index","follow":"follow","max-snippet":"max-snippet:-1","max-image-preview":"max-image-preview:large","max-video-preview":"max-video-preview:-1"},"canonical":"https:\/\/sheriff-security.ch\/en\/blog\/","og_locale":"en_US","og_type":"article","og_title":"Blog","og_description":"Video\u00fcberwachung in der Schweiz: Datenschutz einfach erkl\u00e4rt. Was Unternehmen wirklich wissen m\u00fcssen Die Video\u00fcberwachung wird f\u00fcr Unternehmen immer wichtiger, etwa zum Schutz [&hellip;]","og_url":"https:\/\/sheriff-security.ch\/en\/blog\/","og_site_name":"Sheriff","article_modified_time":"2025-08-15T07:43:45+00:00","og_image":[{"width":1556,"height":436,"url":"https:\/\/sheriff-security.ch\/wp-content\/uploads\/2025\/05\/\u0437\u0430\u0432\u0430\u043d\u0442\u0430\u0436\u0435\u043d\u043d\u044f-2-1.png","type":"image\/png"}],"twitter_card":"summary_large_image","twitter_misc":{"Est. reading time":"1 minute"},"schema":{"@context":"https:\/\/schema.org","@graph":[{"@type":"WebPage","@id":"https:\/\/sheriff-security.ch\/en\/blog\/","url":"https:\/\/sheriff-security.ch\/en\/blog\/","name":"Blog - Sheriff","isPartOf":{"@id":"https:\/\/sheriff-security.ch\/en\/#website"},"primaryImageOfPage":{"@id":"https:\/\/sheriff-security.ch\/en\/blog\/#primaryimage"},"image":{"@id":"https:\/\/sheriff-security.ch\/en\/blog\/#primaryimage"},"thumbnailUrl":"https:\/\/sheriff-security.ch\/wp-content\/uploads\/2025\/05\/\u0437\u0430\u0432\u0430\u043d\u0442\u0430\u0436\u0435\u043d\u043d\u044f-2-1.png","datePublished":"2025-05-26T10:20:10+00:00","dateModified":"2025-08-15T07:43:45+00:00","breadcrumb":{"@id":"https:\/\/sheriff-security.ch\/en\/blog\/#breadcrumb"},"inLanguage":"en-US","potentialAction":[{"@type":"ReadAction","target":["https:\/\/sheriff-security.ch\/en\/blog\/"]}]},{"@type":"ImageObject","inLanguage":"en-US","@id":"https:\/\/sheriff-security.ch\/en\/blog\/#primaryimage","url":"https:\/\/sheriff-security.ch\/wp-content\/uploads\/2025\/05\/\u0437\u0430\u0432\u0430\u043d\u0442\u0430\u0436\u0435\u043d\u043d\u044f-2-1.png","contentUrl":"https:\/\/sheriff-security.ch\/wp-content\/uploads\/2025\/05\/\u0437\u0430\u0432\u0430\u043d\u0442\u0430\u0436\u0435\u043d\u043d\u044f-2-1.png","width":1556,"height":436},{"@type":"BreadcrumbList","@id":"https:\/\/sheriff-security.ch\/en\/blog\/#breadcrumb","itemListElement":[{"@type":"ListItem","position":1,"name":"\u0413\u043e\u043b\u043e\u0432\u043d\u0430","item":"https:\/\/sheriff-security.ch\/en\/"},{"@type":"ListItem","position":2,"name":"Blog"}]},{"@type":"WebSite","@id":"https:\/\/sheriff-security.ch\/en\/#website","url":"https:\/\/sheriff-security.ch\/en\/","name":"Sheriff","description":"Sheriff","potentialAction":[{"@type":"SearchAction","target":{"@type":"EntryPoint","urlTemplate":"https:\/\/sheriff-security.ch\/en\/?s={search_term_string}"},"query-input":{"@type":"PropertyValueSpecification","valueRequired":true,"valueName":"search_term_string"}}],"inLanguage":"en-US"}]}},"_links":{"self":[{"href":"https:\/\/sheriff-security.ch\/en\/wp-json\/wp\/v2\/pages\/14760","targetHints":{"allow":["GET"]}}],"collection":[{"href":"https:\/\/sheriff-security.ch\/en\/wp-json\/wp\/v2\/pages"}],"about":[{"href":"https:\/\/sheriff-security.ch\/en\/wp-json\/wp\/v2\/types\/page"}],"author":[{"embeddable":true,"href":"https:\/\/sheriff-security.ch\/en\/wp-json\/wp\/v2\/users\/1"}],"replies":[{"embeddable":true,"href":"https:\/\/sheriff-security.ch\/en\/wp-json\/wp\/v2\/comments?post=14760"}],"version-history":[{"count":11,"href":"https:\/\/sheriff-security.ch\/en\/wp-json\/wp\/v2\/pages\/14760\/revisions"}],"predecessor-version":[{"id":14961,"href":"https:\/\/sheriff-security.ch\/en\/wp-json\/wp\/v2\/pages\/14760\/revisions\/14961"}],"wp:featuredmedia":[{"embeddable":true,"href":"https:\/\/sheriff-security.ch\/en\/wp-json\/wp\/v2\/media\/9782"}],"wp:attachment":[{"href":"https:\/\/sheriff-security.ch\/en\/wp-json\/wp\/v2\/media?parent=14760"}],"curies":[{"name":"wp","href":"https:\/\/api.w.org\/{rel}","templated":true}]}}