{"id":15282,"date":"2025-05-26T13:23:42","date_gmt":"2025-05-26T13:23:42","guid":{"rendered":"http:\/\/sheriff-security.ch\/contacts\/"},"modified":"2025-12-08T09:58:26","modified_gmt":"2025-12-08T09:58:26","slug":"contacts","status":"publish","type":"page","link":"https:\/\/sheriff-security.ch\/fr\/contacts\/","title":{"rendered":"Contacts"},"content":{"rendered":"\t\t<div data-elementor-type=\"wp-page\" data-elementor-id=\"15282\" class=\"elementor elementor-15282 elementor-2635\" data-elementor-settings=\"{&quot;element_pack_global_tooltip_width&quot;:{&quot;unit&quot;:&quot;px&quot;,&quot;size&quot;:&quot;&quot;,&quot;sizes&quot;:[]},&quot;element_pack_global_tooltip_width_tablet&quot;:{&quot;unit&quot;:&quot;px&quot;,&quot;size&quot;:&quot;&quot;,&quot;sizes&quot;:[]},&quot;element_pack_global_tooltip_width_mobile&quot;:{&quot;unit&quot;:&quot;px&quot;,&quot;size&quot;:&quot;&quot;,&quot;sizes&quot;:[]},&quot;element_pack_global_tooltip_padding&quot;:{&quot;unit&quot;:&quot;px&quot;,&quot;top&quot;:&quot;&quot;,&quot;right&quot;:&quot;&quot;,&quot;bottom&quot;:&quot;&quot;,&quot;left&quot;:&quot;&quot;,&quot;isLinked&quot;:true},&quot;element_pack_global_tooltip_padding_tablet&quot;:{&quot;unit&quot;:&quot;px&quot;,&quot;top&quot;:&quot;&quot;,&quot;right&quot;:&quot;&quot;,&quot;bottom&quot;:&quot;&quot;,&quot;left&quot;:&quot;&quot;,&quot;isLinked&quot;:true},&quot;element_pack_global_tooltip_padding_mobile&quot;:{&quot;unit&quot;:&quot;px&quot;,&quot;top&quot;:&quot;&quot;,&quot;right&quot;:&quot;&quot;,&quot;bottom&quot;:&quot;&quot;,&quot;left&quot;:&quot;&quot;,&quot;isLinked&quot;:true},&quot;element_pack_global_tooltip_border_radius&quot;:{&quot;unit&quot;:&quot;px&quot;,&quot;top&quot;:&quot;&quot;,&quot;right&quot;:&quot;&quot;,&quot;bottom&quot;:&quot;&quot;,&quot;left&quot;:&quot;&quot;,&quot;isLinked&quot;:true},&quot;element_pack_global_tooltip_border_radius_tablet&quot;:{&quot;unit&quot;:&quot;px&quot;,&quot;top&quot;:&quot;&quot;,&quot;right&quot;:&quot;&quot;,&quot;bottom&quot;:&quot;&quot;,&quot;left&quot;:&quot;&quot;,&quot;isLinked&quot;:true},&quot;element_pack_global_tooltip_border_radius_mobile&quot;:{&quot;unit&quot;:&quot;px&quot;,&quot;top&quot;:&quot;&quot;,&quot;right&quot;:&quot;&quot;,&quot;bottom&quot;:&quot;&quot;,&quot;left&quot;:&quot;&quot;,&quot;isLinked&quot;:true}}\" data-elementor-post-type=\"page\">\n\t\t\t\t\t\t<div class=\"elementor-section elementor-top-section elementor-element elementor-element-4c4848c5 elementor-section-boxed elementor-section-height-default elementor-section-height-default\" data-id=\"4c4848c5\" data-element_type=\"section\">\n\t\t\t\t\t\t<div class=\"elementor-container elementor-column-gap-no\">\n\t\t\t\t\t<div class=\"elementor-column elementor-col-100 elementor-top-column elementor-element elementor-element-6387047d\" data-id=\"6387047d\" data-element_type=\"column\">\n\t\t\t<div class=\"elementor-widget-wrap elementor-element-populated\">\n\t\t\t\t\t\t<div class=\"elementor-element elementor-element-693d3d72 ui-e-a-animate elementor-widget elementor-widget-highlighted-text\" data-id=\"693d3d72\" data-element_type=\"widget\" data-widget_type=\"highlighted-text.default\">\n\t\t\t\t\t        <h1 class=\"ui-e--highlighted-text\">\n            <span class=\"ui-e-headline-text elementor-repeater-item-0105731\">Votre s\u00e9curit\u00e9 est<\/span><span class=\"ui-e-headline-text elementor-repeater-item-dd14b4b ui-e-headline-color\">\n\t\t\t\t\t\t\t\t\t<span class=\"whitespace\"><\/span>\n                                    <span>\n                                        <span class=\"ui-e-headline-text ui-e-headline-highlighted\">notre mission.<\/span><span class=\"uicore-svg-wrapper\"><svg xmlns=\"http:\/\/www.w3.org\/2000\/svg\" viewBox=\"0 0 500 150\" preserveAspectRatio=\"none\"><\/svg><\/span><\/span> <span class=\"whitespace\"> <\/span><\/span>        <\/h1>\n    \t\t\t\t<\/div>\n\t\t\t\t<div class=\"elementor-element elementor-element-72bbb782 elementor-widget__width-initial elementor-widget-tablet__width-initial elementor-widget-mobile__width-inherit elementor-widget elementor-widget-text-editor\" data-id=\"72bbb782\" data-element_type=\"widget\" data-widget_type=\"text-editor.default\">\n\t\t\t\t\t\t\t\t\t<p>Du conseil \u00e0 l&rsquo;installation et \u00e0 la maintenance &#8211; un seul fournisseur. Contactez-nous pour des solutions sur mesure.<\/p>\t\t\t\t\t\t\t\t<\/div>\n\t\t\t\t<section class=\"elementor-section elementor-inner-section elementor-element elementor-element-19c1e271 elementor-section-full_width elementor-section-height-default elementor-section-height-default\" data-id=\"19c1e271\" data-element_type=\"section\">\n\t\t\t\t\t\t<div class=\"elementor-container elementor-column-gap-default\">\n\t\t\t\t\t<div class=\"elementor-column elementor-col-50 elementor-inner-column elementor-element elementor-element-702c21b1\" data-id=\"702c21b1\" data-element_type=\"column\">\n\t\t\t<div class=\"elementor-widget-wrap elementor-element-populated\">\n\t\t\t\t\t\t<div class=\"elementor-element elementor-element-a6d9800 elementor-widget elementor-widget-google_maps\" data-id=\"a6d9800\" data-element_type=\"widget\" data-widget_type=\"google_maps.default\">\n\t\t\t\t\t\t\t<div class=\"elementor-custom-embed\">\n\t\t\t<iframe loading=\"lazy\"\n\t\t\t\t\tsrc=\"https:\/\/maps.google.com\/maps?q=48.87097032483767%2C%202.304994568195393&#038;t=m&#038;z=15&#038;output=embed&#038;iwloc=near\"\n\t\t\t\t\ttitle=\"48.87097032483767, 2.304994568195393\"\n\t\t\t\t\taria-label=\"48.87097032483767, 2.304994568195393\"\n\t\t\t><\/iframe>\n\t\t<\/div>\n\t\t\t\t\t\t<\/div>\n\t\t\t\t\t<\/div>\n\t\t<\/div>\n\t\t\t\t<div class=\"elementor-column elementor-col-50 elementor-inner-column elementor-element elementor-element-c88c2bb\" data-id=\"c88c2bb\" data-element_type=\"column\">\n\t\t\t<div class=\"elementor-widget-wrap elementor-element-populated\">\n\t\t\t\t\t\t<div class=\"elementor-element elementor-element-9e06646 elementor-position-left elementor-widget-tablet__width-initial elementor-widget-mobile__width-inherit bdt-icon-type-icon elementor-vertical-align-top bdt-icon-effect-none elementor-widget elementor-widget-bdt-advanced-icon-box\" data-id=\"9e06646\" data-element_type=\"widget\" data-widget_type=\"bdt-advanced-icon-box.default\">\n\t\t\t\t\t\t\t<div class=\"bdt-ep-advanced-icon-box\">\n\n\t\t\t\t\t\t\t\n\t\t\t\t\t<div class=\"bdt-ep-advanced-icon-box-icon\">\n\t\t\t\t<span class=\"bdt-ep-advanced-icon-box-icon-wrap\">\n\n\n\t\t\t\t\t\n\t\t\t\t\t\t<svg aria-hidden=\"true\" class=\"e-font-icon-svg e-fas-envelope\" viewBox=\"0 0 512 512\" xmlns=\"http:\/\/www.w3.org\/2000\/svg\"><path d=\"M502.3 190.8c3.9-3.1 9.7-.2 9.7 4.7V400c0 26.5-21.5 48-48 48H48c-26.5 0-48-21.5-48-48V195.6c0-5 5.7-7.8 9.7-4.7 22.4 17.4 52.1 39.5 154.1 113.6 21.1 15.4 56.7 47.8 92.2 47.6 35.7.3 72-32.8 92.3-47.6 102-74.1 131.6-96.3 154-113.7zM256 320c23.2.4 56.6-29.2 73.4-41.4 132.7-96.3 142.8-104.7 173.4-128.7 5.8-4.5 9.2-11.5 9.2-18.9v-19c0-26.5-21.5-48-48-48H48C21.5 64 0 85.5 0 112v19c0 7.4 3.4 14.3 9.2 18.9 30.6 23.9 40.7 32.4 173.4 128.7 16.8 12.2 50.2 41.8 73.4 41.4z\"><\/path><\/svg>\n\n\t\t\t\t\t\t\t\t\t<\/span>\n\t\t\t<\/div>\n\t\t\n\t\t\t\t\n\t\t\t<div class=\"bdt-ep-advanced-icon-box-content\">\n\n\t\t\t\t\t\t\t\t\t\n\t\t\t\t\t<h4 class=\"bdt-ep-advanced-icon-box-title ep-title-\">\n\t\t\t\t<span >\n\t\t\t\t\tE-mail\t\t\t\t<\/span>\n\t\t\t<\/h4>\n\t\t\n\n\t\t\n\t\t\t\t\t\n\t\t\t\t\n\t\t\t\t\t\t\t\t\t<div class=\"bdt-ep-advanced-icon-box-description\">\n\t\t\t\t\t\t<p>Nous r\u00e9pondrons \u00e0 votre demande dans les plus brefs d\u00e9lais.<\/p>\t\t\t\t\t<\/div>\n\t\t\t\t\n\t\t\t\t\t\t\t\t\t<a class=\"bdt-ep-advanced-icon-box-readmore bdt-display-inline-block\" href=\"mailto:info@info@sheriff-global.fr\">\n\t\t\t\t\t\tinfo@sheriff-global.fr\n\t\t\t\t\t\t\t\t\t\t\t<\/a>\n\t\t\t\t\t\t\t<\/div>\n\t\t<\/div>\n\n\t\t\n\t\t\n\t\t\t\t<\/div>\n\t\t\t\t<div class=\"elementor-element elementor-element-3778d002 elementor-position-left elementor-widget-tablet__width-initial elementor-widget-mobile__width-inherit elementor-hidden-desktop elementor-hidden-tablet elementor-hidden-mobile bdt-icon-type-icon elementor-vertical-align-top bdt-icon-effect-none elementor-widget elementor-widget-bdt-advanced-icon-box\" data-id=\"3778d002\" data-element_type=\"widget\" data-widget_type=\"bdt-advanced-icon-box.default\">\n\t\t\t\t\t\t\t<div class=\"bdt-ep-advanced-icon-box\">\n\n\t\t\t\t\t\t\t\n\t\t\t\t\t<div class=\"bdt-ep-advanced-icon-box-icon\">\n\t\t\t\t<span class=\"bdt-ep-advanced-icon-box-icon-wrap\">\n\n\n\t\t\t\t\t\n\t\t\t\t\t\t<svg aria-hidden=\"true\" class=\"e-font-icon-svg e-fas-phone-alt\" viewBox=\"0 0 512 512\" xmlns=\"http:\/\/www.w3.org\/2000\/svg\"><path d=\"M497.39 361.8l-112-48a24 24 0 0 0-28 6.9l-49.6 60.6A370.66 370.66 0 0 1 130.6 204.11l60.6-49.6a23.94 23.94 0 0 0 6.9-28l-48-112A24.16 24.16 0 0 0 122.6.61l-104 24A24 24 0 0 0 0 48c0 256.5 207.9 464 464 464a24 24 0 0 0 23.4-18.6l24-104a24.29 24.29 0 0 0-14.01-27.6z\"><\/path><\/svg>\n\n\t\t\t\t\t\t\t\t\t<\/span>\n\t\t\t<\/div>\n\t\t\n\t\t\t\t\n\t\t\t<div class=\"bdt-ep-advanced-icon-box-content\">\n\n\t\t\t\t\t\t\t\t\t\n\t\t\t\t\t<h4 class=\"bdt-ep-advanced-icon-box-title ep-title-\">\n\t\t\t\t<span >\n\t\t\t\t\tT\u00e9l\u00e9phone\t\t\t\t<\/span>\n\t\t\t<\/h4>\n\t\t\n\n\t\t\n\t\t\t\t\t\n\t\t\t\t\n\t\t\t\t\t\t\t\t\t<div class=\"bdt-ep-advanced-icon-box-description\">\n\t\t\t\t\t\t<p>Notre \u00e9quipe se tient \u00e0 votre disposition.<\/p>\t\t\t\t\t<\/div>\n\t\t\t\t\n\t\t\t\t\t\t\t\t\t<a class=\"bdt-ep-advanced-icon-box-readmore bdt-display-inline-block\" href=\"tel:+33743536608\">\n\t\t\t\t\t\t+33743 53 66 08\n\t\t\t\t\t\t\t\t\t\t\t<\/a>\n\t\t\t\t\t\t\t<\/div>\n\t\t<\/div>\n\n\t\t\n\t\t\n\t\t\t\t<\/div>\n\t\t\t\t<div class=\"elementor-element elementor-element-4a0d09d1 elementor-position-left elementor-widget-tablet__width-initial elementor-widget-mobile__width-inherit bdt-icon-type-icon elementor-vertical-align-top bdt-icon-effect-none elementor-widget elementor-widget-bdt-advanced-icon-box\" data-id=\"4a0d09d1\" data-element_type=\"widget\" data-widget_type=\"bdt-advanced-icon-box.default\">\n\t\t\t\t\t\t\t<div class=\"bdt-ep-advanced-icon-box\">\n\n\t\t\t\t\t\t\t\n\t\t\t\t\t<div class=\"bdt-ep-advanced-icon-box-icon\">\n\t\t\t\t<span class=\"bdt-ep-advanced-icon-box-icon-wrap\">\n\n\n\t\t\t\t\t\n\t\t\t\t\t\t<svg aria-hidden=\"true\" class=\"e-font-icon-svg e-fas-comments\" viewBox=\"0 0 576 512\" xmlns=\"http:\/\/www.w3.org\/2000\/svg\"><path d=\"M416 192c0-88.4-93.1-160-208-160S0 103.6 0 192c0 34.3 14.1 65.9 38 92-13.4 30.2-35.5 54.2-35.8 54.5-2.2 2.3-2.8 5.7-1.5 8.7S4.8 352 8 352c36.6 0 66.9-12.3 88.7-25 32.2 15.7 70.3 25 111.3 25 114.9 0 208-71.6 208-160zm122 220c23.9-26 38-57.7 38-92 0-66.9-53.5-124.2-129.3-148.1.9 6.6 1.3 13.3 1.3 20.1 0 105.9-107.7 192-240 192-10.8 0-21.3-.8-31.7-1.9C207.8 439.6 281.8 480 368 480c41 0 79.1-9.2 111.3-25 21.8 12.7 52.1 25 88.7 25 3.2 0 6.1-1.9 7.3-4.8 1.3-2.9.7-6.3-1.5-8.7-.3-.3-22.4-24.2-35.8-54.5z\"><\/path><\/svg>\n\n\t\t\t\t\t\t\t\t\t<\/span>\n\t\t\t<\/div>\n\t\t\n\t\t\t\t\n\t\t\t<div class=\"bdt-ep-advanced-icon-box-content\">\n\n\t\t\t\t\t\t\t\t\t\n\t\t\t\t\t<h4 class=\"bdt-ep-advanced-icon-box-title ep-title-\">\n\t\t\t\t<span >\n\t\t\t\t\tChat en direct\t\t\t\t<\/span>\n\t\t\t<\/h4>\n\t\t\n\n\t\t\n\t\t\t\t\t\n\t\t\t\t\n\t\t\t\t\t\t\t\t\t<div class=\"bdt-ep-advanced-icon-box-description\">\n\t\t\t\t\t\t<p>Utilisez notre chat en direct pour obtenir des r\u00e9ponses rapides \u00e0 vos questions.<\/p>\t\t\t\t\t<\/div>\n\t\t\t\t\n\t\t\t\t\t\t\t\t\t<a class=\"bdt-ep-advanced-icon-box-readmore bdt-display-inline-block\" href=\"#\">\n\t\t\t\t\t\tD\u00e9marrer le chat en direct\n\t\t\t\t\t\t\t\t\t\t\t<\/a>\n\t\t\t\t\t\t\t<\/div>\n\t\t<\/div>\n\n\t\t\n\t\t\n\t\t\t\t<\/div>\n\t\t\t\t\t<\/div>\n\t\t<\/div>\n\t\t\t\t\t<\/div>\n\t\t<\/section>\n\t\t\t\t\t<\/div>\n\t\t<\/div>\n\t\t\t\t\t<\/div>\n\t\t<\/div>\n\t\t\t\t<\/div>\n\t\t","protected":false},"excerpt":{"rendered":"<p>Votre s\u00e9curit\u00e9 est notre mission. Du conseil \u00e0 l&rsquo;installation et \u00e0 la maintenance &#8211; un seul fournisseur. Contactez-nous pour des solutions sur [&hellip;]<\/p>\n","protected":false},"author":1,"featured_media":15284,"parent":0,"menu_order":0,"comment_status":"closed","ping_status":"closed","template":"","meta":{"_acf_changed":false,"footnotes":""},"class_list":["post-15282","page","type-page","status-publish","has-post-thumbnail","hentry"],"acf":[],"yoast_head":"<!-- This site is optimized with the Yoast SEO Premium plugin v25.0 (Yoast SEO v26.1.1) - https:\/\/yoast.com\/wordpress\/plugins\/seo\/ -->\n<title>Contacts - Sheriff<\/title>\n<meta name=\"robots\" content=\"index, follow, max-snippet:-1, max-image-preview:large, max-video-preview:-1\" \/>\n<link rel=\"canonical\" href=\"https:\/\/sheriff-security.ch\/fr\/contacts\/\" \/>\n<meta property=\"og:locale\" content=\"fr_FR\" \/>\n<meta property=\"og:type\" content=\"article\" \/>\n<meta property=\"og:title\" content=\"Contacts\" \/>\n<meta property=\"og:description\" content=\"Votre s\u00e9curit\u00e9 est notre mission. Du conseil \u00e0 l&rsquo;installation et \u00e0 la maintenance &#8211; un seul fournisseur. Contactez-nous pour des solutions sur [&hellip;]\" \/>\n<meta property=\"og:url\" content=\"https:\/\/sheriff-security.ch\/fr\/contacts\/\" \/>\n<meta property=\"og:site_name\" content=\"Sheriff\" \/>\n<meta property=\"article:modified_time\" content=\"2025-12-08T09:58:26+00:00\" \/>\n<meta property=\"og:image\" content=\"https:\/\/sheriff-security.ch\/wp-content\/uploads\/2025\/05\/cell-phone-is-sitting-table-with-water-droplets-it-scaled.jpg\" \/>\n\t<meta property=\"og:image:width\" content=\"2560\" \/>\n\t<meta property=\"og:image:height\" content=\"1280\" \/>\n\t<meta property=\"og:image:type\" content=\"image\/jpeg\" \/>\n<meta name=\"twitter:card\" content=\"summary_large_image\" \/>\n<meta name=\"twitter:label1\" content=\"Dur\u00e9e de lecture estim\u00e9e\" \/>\n\t<meta name=\"twitter:data1\" content=\"1 minute\" \/>\n<script type=\"application\/ld+json\" class=\"yoast-schema-graph\">{\"@context\":\"https:\/\/schema.org\",\"@graph\":[{\"@type\":\"WebPage\",\"@id\":\"https:\/\/sheriff-security.ch\/fr\/contacts\/\",\"url\":\"https:\/\/sheriff-security.ch\/fr\/contacts\/\",\"name\":\"Contacts - Sheriff\",\"isPartOf\":{\"@id\":\"https:\/\/sheriff-security.ch\/fr\/#website\"},\"primaryImageOfPage\":{\"@id\":\"https:\/\/sheriff-security.ch\/fr\/contacts\/#primaryimage\"},\"image\":{\"@id\":\"https:\/\/sheriff-security.ch\/fr\/contacts\/#primaryimage\"},\"thumbnailUrl\":\"https:\/\/sheriff-security.ch\/wp-content\/uploads\/2025\/05\/cell-phone-is-sitting-table-with-water-droplets-it-scaled.jpg\",\"datePublished\":\"2025-05-26T13:23:42+00:00\",\"dateModified\":\"2025-12-08T09:58:26+00:00\",\"breadcrumb\":{\"@id\":\"https:\/\/sheriff-security.ch\/fr\/contacts\/#breadcrumb\"},\"inLanguage\":\"fr-FR\",\"potentialAction\":[{\"@type\":\"ReadAction\",\"target\":[\"https:\/\/sheriff-security.ch\/fr\/contacts\/\"]}]},{\"@type\":\"ImageObject\",\"inLanguage\":\"fr-FR\",\"@id\":\"https:\/\/sheriff-security.ch\/fr\/contacts\/#primaryimage\",\"url\":\"https:\/\/sheriff-security.ch\/wp-content\/uploads\/2025\/05\/cell-phone-is-sitting-table-with-water-droplets-it-scaled.jpg\",\"contentUrl\":\"https:\/\/sheriff-security.ch\/wp-content\/uploads\/2025\/05\/cell-phone-is-sitting-table-with-water-droplets-it-scaled.jpg\",\"width\":2560,\"height\":1280,\"caption\":\"A cell phone is sitting on a table with water droplets on it. Concept of melancholy and loneliness, as the phone is the only object in the scene\"},{\"@type\":\"BreadcrumbList\",\"@id\":\"https:\/\/sheriff-security.ch\/fr\/contacts\/#breadcrumb\",\"itemListElement\":[{\"@type\":\"ListItem\",\"position\":1,\"name\":\"\u0413\u043e\u043b\u043e\u0432\u043d\u0430\",\"item\":\"https:\/\/sheriff-security.ch\/fr\/\"},{\"@type\":\"ListItem\",\"position\":2,\"name\":\"Contacts\"}]},{\"@type\":\"WebSite\",\"@id\":\"https:\/\/sheriff-security.ch\/fr\/#website\",\"url\":\"https:\/\/sheriff-security.ch\/fr\/\",\"name\":\"Sheriff\",\"description\":\"Sheriff\",\"potentialAction\":[{\"@type\":\"SearchAction\",\"target\":{\"@type\":\"EntryPoint\",\"urlTemplate\":\"https:\/\/sheriff-security.ch\/fr\/?s={search_term_string}\"},\"query-input\":{\"@type\":\"PropertyValueSpecification\",\"valueRequired\":true,\"valueName\":\"search_term_string\"}}],\"inLanguage\":\"fr-FR\"}]}<\/script>\n<!-- \/ Yoast SEO Premium plugin. -->","yoast_head_json":{"title":"Contacts - Sheriff","robots":{"index":"index","follow":"follow","max-snippet":"max-snippet:-1","max-image-preview":"max-image-preview:large","max-video-preview":"max-video-preview:-1"},"canonical":"https:\/\/sheriff-security.ch\/fr\/contacts\/","og_locale":"fr_FR","og_type":"article","og_title":"Contacts","og_description":"Votre s\u00e9curit\u00e9 est notre mission. Du conseil \u00e0 l&rsquo;installation et \u00e0 la maintenance &#8211; un seul fournisseur. Contactez-nous pour des solutions sur [&hellip;]","og_url":"https:\/\/sheriff-security.ch\/fr\/contacts\/","og_site_name":"Sheriff","article_modified_time":"2025-12-08T09:58:26+00:00","og_image":[{"width":2560,"height":1280,"url":"https:\/\/sheriff-security.ch\/wp-content\/uploads\/2025\/05\/cell-phone-is-sitting-table-with-water-droplets-it-scaled.jpg","type":"image\/jpeg"}],"twitter_card":"summary_large_image","twitter_misc":{"Dur\u00e9e de lecture estim\u00e9e":"1 minute"},"schema":{"@context":"https:\/\/schema.org","@graph":[{"@type":"WebPage","@id":"https:\/\/sheriff-security.ch\/fr\/contacts\/","url":"https:\/\/sheriff-security.ch\/fr\/contacts\/","name":"Contacts - Sheriff","isPartOf":{"@id":"https:\/\/sheriff-security.ch\/fr\/#website"},"primaryImageOfPage":{"@id":"https:\/\/sheriff-security.ch\/fr\/contacts\/#primaryimage"},"image":{"@id":"https:\/\/sheriff-security.ch\/fr\/contacts\/#primaryimage"},"thumbnailUrl":"https:\/\/sheriff-security.ch\/wp-content\/uploads\/2025\/05\/cell-phone-is-sitting-table-with-water-droplets-it-scaled.jpg","datePublished":"2025-05-26T13:23:42+00:00","dateModified":"2025-12-08T09:58:26+00:00","breadcrumb":{"@id":"https:\/\/sheriff-security.ch\/fr\/contacts\/#breadcrumb"},"inLanguage":"fr-FR","potentialAction":[{"@type":"ReadAction","target":["https:\/\/sheriff-security.ch\/fr\/contacts\/"]}]},{"@type":"ImageObject","inLanguage":"fr-FR","@id":"https:\/\/sheriff-security.ch\/fr\/contacts\/#primaryimage","url":"https:\/\/sheriff-security.ch\/wp-content\/uploads\/2025\/05\/cell-phone-is-sitting-table-with-water-droplets-it-scaled.jpg","contentUrl":"https:\/\/sheriff-security.ch\/wp-content\/uploads\/2025\/05\/cell-phone-is-sitting-table-with-water-droplets-it-scaled.jpg","width":2560,"height":1280,"caption":"A cell phone is sitting on a table with water droplets on it. Concept of melancholy and loneliness, as the phone is the only object in the scene"},{"@type":"BreadcrumbList","@id":"https:\/\/sheriff-security.ch\/fr\/contacts\/#breadcrumb","itemListElement":[{"@type":"ListItem","position":1,"name":"\u0413\u043e\u043b\u043e\u0432\u043d\u0430","item":"https:\/\/sheriff-security.ch\/fr\/"},{"@type":"ListItem","position":2,"name":"Contacts"}]},{"@type":"WebSite","@id":"https:\/\/sheriff-security.ch\/fr\/#website","url":"https:\/\/sheriff-security.ch\/fr\/","name":"Sheriff","description":"Sheriff","potentialAction":[{"@type":"SearchAction","target":{"@type":"EntryPoint","urlTemplate":"https:\/\/sheriff-security.ch\/fr\/?s={search_term_string}"},"query-input":{"@type":"PropertyValueSpecification","valueRequired":true,"valueName":"search_term_string"}}],"inLanguage":"fr-FR"}]}},"_links":{"self":[{"href":"https:\/\/sheriff-security.ch\/fr\/wp-json\/wp\/v2\/pages\/15282","targetHints":{"allow":["GET"]}}],"collection":[{"href":"https:\/\/sheriff-security.ch\/fr\/wp-json\/wp\/v2\/pages"}],"about":[{"href":"https:\/\/sheriff-security.ch\/fr\/wp-json\/wp\/v2\/types\/page"}],"author":[{"embeddable":true,"href":"https:\/\/sheriff-security.ch\/fr\/wp-json\/wp\/v2\/users\/1"}],"replies":[{"embeddable":true,"href":"https:\/\/sheriff-security.ch\/fr\/wp-json\/wp\/v2\/comments?post=15282"}],"version-history":[{"count":6,"href":"https:\/\/sheriff-security.ch\/fr\/wp-json\/wp\/v2\/pages\/15282\/revisions"}],"predecessor-version":[{"id":15427,"href":"https:\/\/sheriff-security.ch\/fr\/wp-json\/wp\/v2\/pages\/15282\/revisions\/15427"}],"wp:featuredmedia":[{"embeddable":true,"href":"https:\/\/sheriff-security.ch\/fr\/wp-json\/wp\/v2\/media\/15284"}],"wp:attachment":[{"href":"https:\/\/sheriff-security.ch\/fr\/wp-json\/wp\/v2\/media?parent=15282"}],"curies":[{"name":"wp","href":"https:\/\/api.w.org\/{rel}","templated":true}]}}